{"id":6,"date":"2020-11-10T16:19:15","date_gmt":"2020-11-10T15:19:15","guid":{"rendered":"http:\/\/www.edaforum.it\/wp-site\/?page_id=6"},"modified":"2021-02-20T17:13:50","modified_gmt":"2021-02-20T16:13:50","slug":"chi-siamo","status":"publish","type":"page","link":"http:\/\/www.edaforum.it\/wp-site\/chi-siamo\/","title":{"rendered":"Chi Siamo"},"content":{"rendered":"\n<p><b>Chi siamo<\/b><\/p>\n<p>Il&nbsp;<i>Forum Permanente per l\u2019EdA<\/i>&nbsp; &#8211;<i>EdaForum-<\/i>&nbsp;\u00e8 un\u2019associazione nazionale senza fini di lucro, fondata a Firenze presso il Dipartimento di Scienze dell\u2019Educazione dell\u2019Universit\u00e0 degli Studi a distanza di poche settimane&nbsp;<i>dall\u2019Accordo per la riorganizzazione e il potenziamento dell\u2019educazione permanente degli adulti<\/i>&nbsp;sancito dalla Conferenza Unificata Stato-Regioni del 2 marzo 2000.&nbsp;<\/p>\n<p>Il documento uscito dalla Conferenza introduceva in Italia, per la prima volta, un sistema integrato, decentrato e partecipato di EdA, mettendo il nostro Paese al passo dell\u2019Europa, ma non rappresentava un vincolo per nessun livello istituzionale.&nbsp;&nbsp;<i>EdaForum&nbsp;<\/i>\u00e8 stato allora costituito con lo scopo di favorire il processo di attivazione del sistema sia sul piano nazionale sia regionale e locale, aprendo un confronto con le istituzioni deputate e costruendo uno spazio di discussione culturale aperto e continuo tra tutti gli attori del settore, per passare dalla situazione di sottosistemi non comunicanti &#8211; istruzione, formazione, educazione non formale e informale &#8211; ad un\u2019organizzazione di rete che valorizzi le sinergie in un\u2019ottica di integrazione e di rifondazione dei saperi.<\/p>\n<p>La finalit\u00e0 di&nbsp;<i>EdaForum<\/i>, nell\u2019ambito di una concezione dell\u2019educazione permanente che ne sottolinea gli aspetti di&nbsp; crescita culturale e civile, \u00e8 pertanto quella di fare uscire l\u2019apprendimento dalla marginalit\u00e0 di iniziative&nbsp; non raccordate tra di loro, n\u00e9 metodologicamente n\u00e9 culturalmente, creando un sistema integrato in cui tutti gli apprendimenti, in qualsiasi contesto conseguiti, possano porsi su un piano di pari dignit\u00e0 ed essere riconosciuti e valorizzati, per consentire a tutte le donne ed a tutti gli uomini la possibilit\u00e0 di&nbsp; accedere a percorsi educativi e formativi&nbsp; lungo tutto l\u2019arco della loro&nbsp;vita e di governare personalmente il proprio percorso e il proprio ruolo nella societ\u00e0 della conoscenza e nel mondo del lavoro.<\/p>\n<p>Gli obiettivi&nbsp; che i soggetti costituenti hanno dato a&nbsp;<i>EdaForum&nbsp;<\/i>sono:<\/p>\n<ul>\n<li>influenzare positivamente le politiche nazionali, regionali e locali per una corretta applicazione e diffusione del sistema;&nbsp;<\/li>\n<li>mettere in rete le agenzie formative e le istanze culturali che possono contribuire alla promozione, alla diffusione e all\u2019implementazione del sistema integrato;<\/li>\n<li>informare e documentare sulle iniziative e sugli interventi pi\u00f9 rilevanti sia a livello nazionale sia internazionale;<\/li>\n<li>costruire occasioni di lavoro in rete e di integrazione nella dimensione territoriale, da quella transnazionale a quella&nbsp; locale;<\/li>\n<li>sostenere la pari dignit\u00e0 di tutte le categorie dell\u2019educazione, dal formale al non formale, all\u2019informale;<\/li>\n<li>affermare il diritto dei cittadini all\u2019apprendimento permanente ed alla sua qualit\u00e0.&nbsp;<\/li>\n<\/ul>\n<p>Aderiscono a&nbsp;<i>EdaForum<\/i>, individualmente o in rappresentanza delle loro organizzazioni, tutte le categorie di attori che operano nel campo della formazione: cattedre universitarie, cpia, scuole serali,&nbsp; enti locali, centri di documentazione, centri di formazione professionale, biblioteche e altre infrastrutture culturali, parti sociali,&nbsp; associazioni educative, culturali, del&nbsp; volontariato sociale, della terza et\u00e0, singoli formatori, ricercatori, cittadini che riconoscono l\u2019importanza dell\u2019apprendimento permanente per la crescita culturale, sociale, democratica, economica, sia personale sia collettiva.<\/p>\n<p>Le risorse di&nbsp;<i>EdaForum<\/i>&nbsp;sono costituite dalle quote annuali versate dagli iscritti, ma, soprattutto dal loro contributo di lavoro e di idee, che ci consentono di sviluppare iniziative di ricerca, di confronto, di documentazione e di diffusione di buone pratiche per contribuire alla creazione, nel nostro paese, di una cultura e di un sistema di&nbsp;<i>lifelong lifewide learning<\/i>.<\/p>\n<p>Gli strumenti di&nbsp;<i>EdaForum<\/i>&nbsp;per espletare la sua attivit\u00e0 di promozione della conoscenza e dei saperi sono il sito (<a href=\"http:\/\/www.edaforum.it\/\">www.edaforum.it<\/a>), la rivista&nbsp;&nbsp;<i>LLL Focus on lifelong lifewide learning<\/i>&nbsp;(<a href=\"http:\/\/rivista.edaforum.it\/\">http:\/\/rivista.edaforum.it<\/a>),&nbsp; l\u2019elaborazione di studi e &nbsp; proposte sull\u2019apprendimento permanente e&nbsp; l\u2019organizzazione di convegni e seminari, tra cui merita una segnalazione particolare&nbsp;<i>Il Festival dei saperi<\/i>, una grande rassegna tematica che, fin dalla sua prima edizione tenutasi nel gennaio 2009, ha ricevuto, con il conferimento di una medaglia, il riconoscimento del Presidente della Repubblica. Riconoscimento confermato nelle edizioni successive.<\/p>\n<p>La rivista di&nbsp;<i>EdaForum<\/i>, che<i>&nbsp;<\/i>esce con periodicit\u00e0 semestrale da maggio 2005, \u00e8 classificata dall\u2019Agenzia Nazionale di Valutazione del Sistema Universitario e della Ricerca \u2013ANVUR\u2013 tra le riviste scientifiche di classe A. La qualit\u00e0 e la dimensione internazionale degli articoli e degli autori ne fanno uno strumento di riflessione sulle politiche educative tra i pi\u00f9 apprezzati a livello europeo.&nbsp;Ne \u00e8 garanzia l\u2019ampia ed illustre compagine del Comitato scientifico che raccoglie i nomi pi\u00f9 significativi, italiani e non, di studiosi in campo educativo. &nbsp;<\/p>\n<p>Anche INDIRE, l\u2019Istituto nazionale di Documentazione, Innovazione e Ricerca Educativa, tiene in considerazione il lavoro svolto nel tempo da&nbsp;<i>EdaForum<\/i>&nbsp;inserendo l\u2019Associazione tra gli stakeholder della piattaforma EPALE, la prima piattaforma online europea interamente dedicata al settore dell\u2019educazione degli adulti.<\/p>\n<p>Il nostro lavoro di stimolo e di diffusione ha contribuito nel 2012 alla scrittura dell\u2019<i>art. 4 della<\/i> &nbsp;<i>Legge 92\/2012 <\/i>che<i> <\/i>riconosce a livello legislativo (a differenza con l\u2019Accordo sopra ricordato del marzo 2000) il valore dell\u2019apprendimento permanente, dandone la corretta definizione e contemplandone l\u2019attuazione in un sistema integrato che mette al centro la persona.&nbsp;&nbsp; <i>EdaForum<\/i>&nbsp;ha allora collaborato con la Conferenza delle Regioni per portare a realizzazione il quadro disegnato dalla <i>Legge<\/i>. Tale impegno si \u00e8 concretizzato <i>nell\u2019Accordo in sede di Conferenza Unificato Governo-Regioni-Enti Locali del 10 luglio 2014<\/i>, che afferma il diritto dell\u2019individuo all\u2019apprendimento permanente, riconoscendo pari dignit\u00e0 alle conoscenze, abilit\u00e0 e competenze comunque acquisite, in modo formale, non formale, informale. L\u2019<i>Accordo<\/i>, sempre a seguito di nostri interventi, \u00e8 stato approvato da Anci, Universit\u00e0, Unioncamere, Terzo Settore, Rappresentanze sindacali e datoriali.&nbsp;<\/p>\n<p>Nel 2015 siamo stati chiamati dal Ministero Istruzione, Universit\u00e0 Ricerca a dare il nostro contributo alla stesura di quello che \u00e8 poi diventato il <i>Decreto 12 marzo 2015 \u201cLinee guida per il passaggio al nuovo ordinamento a sostegno dell\u2019autonomia organizzativa e didattica dei centri provinciali per l\u2019istruzione degli adulti\u201d<\/i>.<\/p>\n<p>Dal 2016 siamo impegnati con il&nbsp; <i>Gruppo Nazionale per l\u2019Apprendimento Permanente<\/i>, composto &nbsp;oltre da <i>EdaForum<\/i>, dalla Rete Nazionale dei CPIA (RIDAP), la Rete Universitaria Italiana per l\u2019Apprendimento Permanente (RUIAP), il Forum del Terzo Settore, i tre Sindacati Confederali CGIL, CISL, UIL, i Sindacati della Categoria della Scuola delle tre sigle, (FLC CGIL, CISL Scuola e UIL Scuola),&nbsp; &nbsp;l\u2019Associazione Nazionale dei Comuni Italiani (ANCI), per sollecitare le Istituzioni deputate a portare a compimento la costruzione del sistema integrato di apprendimento permanente, cos\u00ec come espressa nelle norme contenute nel citato art. 4 della Legge 92\/2012,&nbsp; riprese nell\u2019Intesa in Conferenza Unificata del dicembre 2012 e ribadite nell\u2019Accordo in C.U. del 10 luglio 2014. Obiettivo primario \u00e8 quello di costruire un piano nazionale per lo sviluppo delle competenze della popolazione adulta che veda impegnati in rete tutti i soggetti dell\u2019apprendimento formale, non formale, informale che operano sia a livello nazionale sia territoriale nei campi dell\u2019istruzione, formazione, educazione.<\/p>\n<p>&nbsp;<\/p>\n<p>&nbsp;<\/p>\n\n\n\n<p><\/p>\n","protected":false},"excerpt":{"rendered":"<p>Chi siamo Il&nbsp;Forum Permanente per l\u2019EdA&nbsp; &#8211;EdaForum-&nbsp;\u00e8 un\u2019associazione nazionale senza fini di lucro, fondata a Firenze presso il Dipartimento di<\/p>\n","protected":false},"author":1,"featured_media":0,"parent":0,"menu_order":0,"comment_status":"closed","ping_status":"closed","template":"","meta":[],"_links":{"self":[{"href":"http:\/\/www.edaforum.it\/wp-site\/wp-json\/wp\/v2\/pages\/6"}],"collection":[{"href":"http:\/\/www.edaforum.it\/wp-site\/wp-json\/wp\/v2\/pages"}],"about":[{"href":"http:\/\/www.edaforum.it\/wp-site\/wp-json\/wp\/v2\/types\/page"}],"author":[{"embeddable":true,"href":"http:\/\/www.edaforum.it\/wp-site\/wp-json\/wp\/v2\/users\/1"}],"replies":[{"embeddable":true,"href":"http:\/\/www.edaforum.it\/wp-site\/wp-json\/wp\/v2\/comments?post=6"}],"version-history":[{"count":5,"href":"http:\/\/www.edaforum.it\/wp-site\/wp-json\/wp\/v2\/pages\/6\/revisions"}],"predecessor-version":[{"id":74,"href":"http:\/\/www.edaforum.it\/wp-site\/wp-json\/wp\/v2\/pages\/6\/revisions\/74"}],"wp:attachment":[{"href":"http:\/\/www.edaforum.it\/wp-site\/wp-json\/wp\/v2\/media?parent=6"}],"curies":[{"name":"wp","href":"https:\/\/api.w.org\/{rel}","templated":true}]}}